{"id":53,"date":"2022-11-18T14:21:28","date_gmt":"2022-11-18T14:21:28","guid":{"rendered":"https:\/\/bbfw.pl\/?page_id=53"},"modified":"2024-11-19T15:36:58","modified_gmt":"2024-11-19T15:36:58","slug":"o-nas","status":"publish","type":"page","link":"https:\/\/bbfw.pl\/?page_id=53","title":{"rendered":"O NAS"},"content":{"rendered":"\n<p><strong>SP\u00d3\u0141KA<\/strong><\/p>\n\n\n\n<p>Bia\u0142y B\u00f3r Wiatrowa Sp. z o.o. (BBFW) z siedzib\u0105 w Gda\u0144sku powsta\u0142a w celu realizacji i eksploatacji Farmy Wiatrowej Bia\u0142y B\u00f3r w gminie Bia\u0142y B\u00f3r pow. szczecinecki. Wi\u0119kszo\u015bciowym udzia\u0142owcem sp\u00f3\u0142ki jest francuski fundusz inwestycyjny Mirova, drugim udzia\u0142owcem jest hiszpa\u0144ska Grupa Kapita\u0142owa Uriel.<\/p>\n\n\n\n<p><strong>PROJEKT<\/strong><\/p>\n\n\n\n<p>Farma Wiatrowa Bia\u0142y B\u00f3r sk\u0142ada si\u0119 z 42 turbin wiatrowych Vestas V126 o mocy 3,45MW ka\u017cda. Turbiny maj\u0105 wysoko\u015b\u0107 do rotora HH 117m oraz rozpi\u0119to\u015b\u0107 \u015bmigie\u0142 126m, co daje \u0142\u0105czn\u0105 wysoko\u015b\u0107 180m. \u0141\u0105czna moc instalacji to 144,9MW. Moc elektrowni wyprowadzona jest podziemn\u0105 lini\u0105 kablow\u0105 \u015bredniego napi\u0119cia 30kV o d\u0142ugo\u015bci ok 42km do abonenckiej stacji elektroenergetycznej 30\/110kV GPO BB zlokalizowanej w pobli\u017cu l miejscowo\u015bci Bia\u0142a. GPO wyposa\u017cony jest w dwa transformatory 30\/110kV o mocy 85MVA ka\u017cdy, za ich po\u015brednictwem generowana moc jest dostarczona do sieci elektroenergetycznej poprzez abonenck\u0105 lini\u0119 kablow\u0105 110kV d\u0142ugo\u015bci 30km \u0142\u0105cz\u0105c\u0105 GPO BB ze stacj\u0105 elektroenergetyczn\u0105 400\/220\/110kV \u017bydowo-Kierzkowo (SE ZDK) nale\u017c\u0105c\u0105 do PSE. \u0141\u0105czny koszt budowy przekroczy 760 mln z\u0142otych netto. W ci\u0105gu przewidzianego 30 letniego okresu eksploatacji ka\u017cdego roku farma wygeneruje ponad 400GWh energii elektrycznej, kt\u00f3ra wystarczy do zasilenia ponad 100 tysi\u0119cy gospodarstw domowych i przyczyni si\u0119 do ograniczenia o ponad 300 tysi\u0119cy ton emisji CO2 do atmosfery.<\/p>\n\n\n\n<p><strong>HISTORIA<\/strong><\/p>\n\n\n\n<p>Prace nad projektem FW Bia\u0142y B\u00f3r rozpocz\u0119\u0142y si\u0119 2006 roku, w 2010 Gmina Bia\u0142y B\u00f3r uchwali\u0142a Miejscowy Plan Zagospodarowania Przestrzennego dopuszczaj\u0105cy budow\u0119 65 elektrowni wiatrowych o mocy do 5MW i wysoko\u015bci do 190m w okolicach wsi Bia\u0142a, Biskupice, Stepie\u0144, Drzonowo, \u015awierszczewo, Przybrda. W listopadzie 2011 projekt uzyska\u0142 Decyzj\u0119 o \u015brodowiskowych uwarunkowania. Finalnie projekt przewidywa\u0142 budow\u0119 42 elektrowni wiatrowych. Ze wzgl\u0119du na rozmiary projekt podzielony zosta\u0142 na 3 etapy obj\u0119te oddzielnymi pozwoleniami na budow\u0119. Pierwsze pozwolenie na budow\u0119 jednej turbiny wraz ze stacj\u0105 elektroenergetyczn\u0105 GPO oraz linia kablow\u0105 wysokiego napi\u0119cia uzyskano w styczniu 2014, kolejn\u0105 na budow\u0119 30 turbin wraz z infrastruktur\u0105 w sierpniu tego samego roku. Ostatni\u0105 pozwolenie na budow\u0119 11 turbin wraz z towarzysz\u0105c\u0105 infrastruktur\u0105 projekt otrzyma\u0142a w lutym 2015. Inwestor rozpocz\u0105\u0142 budow\u0119 w styczniu 2017 \u2013 prace przygotowawcze, geodezyjne wytyczenie obiektu w terenie, jednak ze wzgl\u0119d\u00f3w legislacyjnych (Ustawa odleg\u0142o\u015bciowa, ustawa o OZE) nie dosz\u0142o do rozpocz\u0119cia rob\u00f3t budowlanych. Inwestor zobligowany zosta\u0142 przez wprowadzone zmiany legislacyjne do udzia\u0142u w Aukcji organizowanej przez Urz\u0105d Regulacji Energetyki. Projekt wystartowa\u0142 w pierwszej organizowanej w 2018 roku aukcji jednak dopiero udzia\u0142 w drugiej organizowanej w grudniu 2019 roku zako\u0144czy\u0142 si\u0119 sukcesem i mo\u017cna by\u0142o wznowi\u0107 realizacj\u0119 projektu. Na prze\u0142omie maja i czerwca 2020 sp\u00f3\u0142ka Bia\u0142y B\u00f3r Farma Wiatrowa podpisa\u0142a umow\u0119 z Vestas Poland Sp. z o.o. kontrakt na dostaw\u0119, monta\u017c i uruchomienie 42 turbin wiatrowych oraz kontrakt na realizacj\u0119 rob\u00f3t budowlanych i energetycznych zwi\u0105zanych z infrastruktur\u0105 farmy z konsorcjum firm PBDI S.A. (obecnie ONDE S.A.) oraz ERBUD S.A. Dostawa turbin przewidziana by\u0142a na lipiec &#8211; pa\u017adziernik 2021 r, rozpocz\u0119cie rob\u00f3t budowlanych nast\u0105pi\u0142o w pa\u017adzierniku 2020 r. W marcu 2022 roku Farma Wiatrowa otrzyma\u0142a Pozwolenie na u\u017cytkowanie i rozpocz\u0119\u0142a si\u0119 jej eksploatacja.<\/p>\n\n\n\n<p><strong>KORZYS\u0106I DLA GMINY I MIESZKA\u0143C\u00d3W<\/strong><\/p>\n\n\n\n<p>Co roku BBFW odprowadza\u0107 b\u0119dzie do Gminy oko\u0142o 3 mln z\u0142otych podatku od nieruchomo\u015bci. Oznacza to \u017ce w okresie eksploatacji do kasy Gminy wp\u0142ynie ponad 90 mln z\u0142otych. Niezale\u017cnie od tego BBFW zawar\u0142a z Gmin\u0105 Umow\u0119 oraz Porozumienie o realizacji inwestycji kompensacyjnych we wsiach Bia\u0142a, Biskupice, Stepie\u0144, Drzonowo, \u015awierszczewo, Przybrda. Na mocy Umowy BBFW zrealizuje inwestycje w postaci \u015bwietlic wiejskich, plac\u00f3w zabaw, si\u0142owni zewn\u0119trznych, zagospodaruje tereny wok\u00f3\u0142 oczek wodnych, zmodernizuje kilka dr\u00f3g wewn\u0119trznych. W ramach Umowy BBFW zakupi\u0142a r\u00f3wnie\u017c w\u00f3z bojowy dla OSP Drzonowo wraz z wyposa\u017ceniem. W ramach Porozumienia zostan\u0105 wymienione i okna na 3 szybowe w ponad 50 lokalach mieszkalnych aby zapewni\u0107 ich mieszka\u0144com wi\u0119kszy komfort. \u0141\u0105czna warto\u015b\u0107 inwestycji kompensacyjnych to ponad 3,7 mln z\u0142. Dodatkowo BBFW zobowi\u0105za\u0142a si\u0119 w okresie eksploatacji (30 lat) co 5 lat przeznacza\u0107 dodatkowo kwot\u0119 1,5 mln z\u0142 na realizacj\u0119 kolejnych inwestycji. BBFW podpisa\u0142a r\u00f3wnie\u017c Umow\u0119 z Powiatowym Zarz\u0105dem Dr\u00f3g w Szczecinku na mocy kt\u00f3rej dokona przebudowy Drogi powiatowej 1272Z na odcinku oko\u0142o 3,6km od Bia\u0142ego Boru do Biskupic. Przebudowa obejmie wykonanie nowej nawierzchni asfaltowej wraz z poszerzeniem drogi z 3,5m do 5,5m,wykonanie obustronnych poboczy oraz kana\u0142u technologicznego na potrzeby przysz\u0142ych instalacji. Warto\u015b\u0107 prac szacowana jest na to ponad 5 mln z\u0142. Obecnie trwa uzyskiwanie Decyzji o \u015brodowiskowych uwarunkowaniach na pocz\u0105tku 2022 roku spodziewane jest uzyskanie Decyzji o pozwoleniu na budow\u0119. Przewidywane rozpocz\u0119cie prac to luty 2022, a ich zako\u0144czenie przewidziane jest w drugim kwartale 2022 r.<\/p>\n","protected":false},"excerpt":{"rendered":"<p>SP\u00d3\u0141KA Bia\u0142y B\u00f3r Wiatrowa Sp. z o.o. (BBFW) z siedzib\u0105 w Gda\u0144sku powsta\u0142a w celu realizacji i eksploatacji Farmy Wiatrowej &hellip; <\/p>\n<p class=\"link-more\"><a href=\"https:\/\/bbfw.pl\/?page_id=53\" class=\"more-link fw-bold\"><span class=\"more-link-arrow me-2 position-relative rounded-circle d-inline-block\"><\/span> Continue reading<span class=\"screen-reader-text\"> &#8222;O NAS&#8221;<\/span><\/a><\/p>\n","protected":false},"author":1,"featured_media":0,"parent":0,"menu_order":0,"comment_status":"closed","ping_status":"closed","template":"","meta":{"footnotes":""},"class_list":["post-53","page","type-page","status-publish","hentry"],"yoast_head":"<!-- This site is optimized with the Yoast SEO plugin v27.5 - https:\/\/yoast.com\/product\/yoast-seo-wordpress\/ -->\n<title>O NAS - BBFW - BB Farma Wiatrowa Sp. z.o.o.<\/title>\n<meta name=\"robots\" content=\"index, follow, max-snippet:-1, max-image-preview:large, max-video-preview:-1\" \/>\n<link rel=\"canonical\" href=\"https:\/\/bbfw.pl\/?page_id=53\" \/>\n<meta property=\"og:locale\" content=\"pl_PL\" \/>\n<meta property=\"og:type\" content=\"article\" \/>\n<meta property=\"og:title\" content=\"O NAS - BBFW - BB Farma Wiatrowa Sp. z.o.o.\" \/>\n<meta property=\"og:description\" content=\"SP\u00d3\u0141KA Bia\u0142y B\u00f3r Wiatrowa Sp. z o.o. (BBFW) z siedzib\u0105 w Gda\u0144sku powsta\u0142a w celu realizacji i eksploatacji Farmy Wiatrowej &hellip; Continue reading &quot;O NAS&quot;\" \/>\n<meta property=\"og:url\" content=\"https:\/\/bbfw.pl\/?page_id=53\" \/>\n<meta property=\"og:site_name\" content=\"BBFW - BB Farma Wiatrowa Sp. z.o.o.\" \/>\n<meta property=\"article:modified_time\" content=\"2024-11-19T15:36:58+00:00\" \/>\n<meta name=\"twitter:card\" content=\"summary_large_image\" \/>\n<meta name=\"twitter:label1\" content=\"Szacowany czas czytania\" \/>\n\t<meta name=\"twitter:data1\" content=\"5 minut\" \/>\n<script type=\"application\/ld+json\" class=\"yoast-schema-graph\">{\"@context\":\"https:\\\/\\\/schema.org\",\"@graph\":[{\"@type\":\"WebPage\",\"@id\":\"https:\\\/\\\/bbfw.pl\\\/?page_id=53\",\"url\":\"https:\\\/\\\/bbfw.pl\\\/?page_id=53\",\"name\":\"O NAS - BBFW - BB Farma Wiatrowa Sp. z.o.o.\",\"isPartOf\":{\"@id\":\"https:\\\/\\\/bbfw.pl\\\/#website\"},\"datePublished\":\"2022-11-18T14:21:28+00:00\",\"dateModified\":\"2024-11-19T15:36:58+00:00\",\"breadcrumb\":{\"@id\":\"https:\\\/\\\/bbfw.pl\\\/?page_id=53#breadcrumb\"},\"inLanguage\":\"pl-PL\",\"potentialAction\":[{\"@type\":\"ReadAction\",\"target\":[\"https:\\\/\\\/bbfw.pl\\\/?page_id=53\"]}]},{\"@type\":\"BreadcrumbList\",\"@id\":\"https:\\\/\\\/bbfw.pl\\\/?page_id=53#breadcrumb\",\"itemListElement\":[{\"@type\":\"ListItem\",\"position\":1,\"name\":\"Home\",\"item\":\"https:\\\/\\\/bbfw.pl\\\/\"},{\"@type\":\"ListItem\",\"position\":2,\"name\":\"O NAS\"}]},{\"@type\":\"WebSite\",\"@id\":\"https:\\\/\\\/bbfw.pl\\\/#website\",\"url\":\"https:\\\/\\\/bbfw.pl\\\/\",\"name\":\"BBFW - BB Farma Wiatrowa Sp. z.o.o.\",\"description\":\"\",\"publisher\":{\"@id\":\"https:\\\/\\\/bbfw.pl\\\/#organization\"},\"potentialAction\":[{\"@type\":\"SearchAction\",\"target\":{\"@type\":\"EntryPoint\",\"urlTemplate\":\"https:\\\/\\\/bbfw.pl\\\/?s={search_term_string}\"},\"query-input\":{\"@type\":\"PropertyValueSpecification\",\"valueRequired\":true,\"valueName\":\"search_term_string\"}}],\"inLanguage\":\"pl-PL\"},{\"@type\":\"Organization\",\"@id\":\"https:\\\/\\\/bbfw.pl\\\/#organization\",\"name\":\"BBFW - BB Farma Wiatrowa Sp. z.o.o.\",\"url\":\"https:\\\/\\\/bbfw.pl\\\/\",\"logo\":{\"@type\":\"ImageObject\",\"inLanguage\":\"pl-PL\",\"@id\":\"https:\\\/\\\/bbfw.pl\\\/#\\\/schema\\\/logo\\\/image\\\/\",\"url\":\"https:\\\/\\\/bbfw.pl\\\/wp-content\\\/uploads\\\/2022\\\/11\\\/bbfw-201x59-1.png\",\"contentUrl\":\"https:\\\/\\\/bbfw.pl\\\/wp-content\\\/uploads\\\/2022\\\/11\\\/bbfw-201x59-1.png\",\"width\":202,\"height\":59,\"caption\":\"BBFW - BB Farma Wiatrowa Sp. z.o.o.\"},\"image\":{\"@id\":\"https:\\\/\\\/bbfw.pl\\\/#\\\/schema\\\/logo\\\/image\\\/\"}}]}<\/script>\n<!-- \/ Yoast SEO plugin. -->","yoast_head_json":{"title":"O NAS - BBFW - BB Farma Wiatrowa Sp. z.o.o.","robots":{"index":"index","follow":"follow","max-snippet":"max-snippet:-1","max-image-preview":"max-image-preview:large","max-video-preview":"max-video-preview:-1"},"canonical":"https:\/\/bbfw.pl\/?page_id=53","og_locale":"pl_PL","og_type":"article","og_title":"O NAS - BBFW - BB Farma Wiatrowa Sp. z.o.o.","og_description":"SP\u00d3\u0141KA Bia\u0142y B\u00f3r Wiatrowa Sp. z o.o. (BBFW) z siedzib\u0105 w Gda\u0144sku powsta\u0142a w celu realizacji i eksploatacji Farmy Wiatrowej &hellip; Continue reading \"O NAS\"","og_url":"https:\/\/bbfw.pl\/?page_id=53","og_site_name":"BBFW - BB Farma Wiatrowa Sp. z.o.o.","article_modified_time":"2024-11-19T15:36:58+00:00","twitter_card":"summary_large_image","twitter_misc":{"Szacowany czas czytania":"5 minut"},"schema":{"@context":"https:\/\/schema.org","@graph":[{"@type":"WebPage","@id":"https:\/\/bbfw.pl\/?page_id=53","url":"https:\/\/bbfw.pl\/?page_id=53","name":"O NAS - BBFW - BB Farma Wiatrowa Sp. z.o.o.","isPartOf":{"@id":"https:\/\/bbfw.pl\/#website"},"datePublished":"2022-11-18T14:21:28+00:00","dateModified":"2024-11-19T15:36:58+00:00","breadcrumb":{"@id":"https:\/\/bbfw.pl\/?page_id=53#breadcrumb"},"inLanguage":"pl-PL","potentialAction":[{"@type":"ReadAction","target":["https:\/\/bbfw.pl\/?page_id=53"]}]},{"@type":"BreadcrumbList","@id":"https:\/\/bbfw.pl\/?page_id=53#breadcrumb","itemListElement":[{"@type":"ListItem","position":1,"name":"Home","item":"https:\/\/bbfw.pl\/"},{"@type":"ListItem","position":2,"name":"O NAS"}]},{"@type":"WebSite","@id":"https:\/\/bbfw.pl\/#website","url":"https:\/\/bbfw.pl\/","name":"BBFW - BB Farma Wiatrowa Sp. z.o.o.","description":"","publisher":{"@id":"https:\/\/bbfw.pl\/#organization"},"potentialAction":[{"@type":"SearchAction","target":{"@type":"EntryPoint","urlTemplate":"https:\/\/bbfw.pl\/?s={search_term_string}"},"query-input":{"@type":"PropertyValueSpecification","valueRequired":true,"valueName":"search_term_string"}}],"inLanguage":"pl-PL"},{"@type":"Organization","@id":"https:\/\/bbfw.pl\/#organization","name":"BBFW - BB Farma Wiatrowa Sp. z.o.o.","url":"https:\/\/bbfw.pl\/","logo":{"@type":"ImageObject","inLanguage":"pl-PL","@id":"https:\/\/bbfw.pl\/#\/schema\/logo\/image\/","url":"https:\/\/bbfw.pl\/wp-content\/uploads\/2022\/11\/bbfw-201x59-1.png","contentUrl":"https:\/\/bbfw.pl\/wp-content\/uploads\/2022\/11\/bbfw-201x59-1.png","width":202,"height":59,"caption":"BBFW - BB Farma Wiatrowa Sp. z.o.o."},"image":{"@id":"https:\/\/bbfw.pl\/#\/schema\/logo\/image\/"}}]}},"_links":{"self":[{"href":"https:\/\/bbfw.pl\/index.php?rest_route=\/wp\/v2\/pages\/53","targetHints":{"allow":["GET"]}}],"collection":[{"href":"https:\/\/bbfw.pl\/index.php?rest_route=\/wp\/v2\/pages"}],"about":[{"href":"https:\/\/bbfw.pl\/index.php?rest_route=\/wp\/v2\/types\/page"}],"author":[{"embeddable":true,"href":"https:\/\/bbfw.pl\/index.php?rest_route=\/wp\/v2\/users\/1"}],"replies":[{"embeddable":true,"href":"https:\/\/bbfw.pl\/index.php?rest_route=%2Fwp%2Fv2%2Fcomments&post=53"}],"version-history":[{"count":3,"href":"https:\/\/bbfw.pl\/index.php?rest_route=\/wp\/v2\/pages\/53\/revisions"}],"predecessor-version":[{"id":431,"href":"https:\/\/bbfw.pl\/index.php?rest_route=\/wp\/v2\/pages\/53\/revisions\/431"}],"wp:attachment":[{"href":"https:\/\/bbfw.pl\/index.php?rest_route=%2Fwp%2Fv2%2Fmedia&parent=53"}],"curies":[{"name":"wp","href":"https:\/\/api.w.org\/{rel}","templated":true}]}}